{"id":4313,"date":"2021-10-27T15:57:13","date_gmt":"2021-10-27T15:57:13","guid":{"rendered":"https:\/\/calplas2021.factorideas.dev\/tratamiento-de-aguas"},"modified":"2021-11-23T10:36:12","modified_gmt":"2021-11-23T10:36:12","slug":"tratamiento-de-aguas","status":"publish","type":"page","link":"https:\/\/www.calplas.com\/es\/tratamiento-de-aguas","title":{"rendered":"Tratamiento de Aguas"},"content":{"rendered":"\t\t<div data-elementor-type=\"wp-page\" data-elementor-id=\"4313\" class=\"elementor elementor-4313 elementor-2905\" data-elementor-post-type=\"page\">\n\t\t\t\t\t\t<section class=\"elementor-section elementor-top-section elementor-element elementor-element-0e66770 elementor-section-full_width elementor-section-height-default elementor-section-height-default\" data-id=\"0e66770\" data-element_type=\"section\">\n\t\t\t\t\t\t<div class=\"elementor-container elementor-column-gap-no\">\n\t\t\t\t\t<div class=\"elementor-column elementor-col-100 elementor-top-column elementor-element elementor-element-5491417\" data-id=\"5491417\" data-element_type=\"column\">\n\t\t\t<div class=\"elementor-widget-wrap elementor-element-populated\">\n\t\t\t\t\t\t<section class=\"elementor-section elementor-inner-section elementor-element elementor-element-0270662 elementor-section-full_width elementor-section-height-default elementor-section-height-default\" data-id=\"0270662\" data-element_type=\"section\">\n\t\t\t\t\t\t<div class=\"elementor-container elementor-column-gap-no\">\n\t\t\t\t\t<div class=\"elementor-column elementor-col-100 elementor-inner-column elementor-element elementor-element-7f17549\" data-id=\"7f17549\" data-element_type=\"column\">\n\t\t\t<div class=\"elementor-widget-wrap elementor-element-populated\">\n\t\t\t\t\t\t<div class=\"elementor-element elementor-element-ce4ff22 elementor-widget elementor-widget-shortcode\" data-id=\"ce4ff22\" data-element_type=\"widget\" data-widget_type=\"shortcode.default\">\n\t\t\t\t<div class=\"elementor-widget-container\">\n\t\t\t\t\t\t\t<div class=\"elementor-shortcode\">\t\t<div data-elementor-type=\"section\" data-elementor-id=\"2797\" class=\"elementor elementor-2797\" data-elementor-post-type=\"elementor_library\">\n\t\t\t\t\t<section class=\"elementor-section elementor-top-section elementor-element elementor-element-d9758f9 elementor-section-boxed elementor-section-height-default elementor-section-height-default\" data-id=\"d9758f9\" data-element_type=\"section\" data-settings=\"{&quot;background_background&quot;:&quot;gradient&quot;,&quot;shape_divider_bottom&quot;:&quot;waves&quot;}\">\n\t\t\t\t\t\t\t<div class=\"elementor-background-overlay\"><\/div>\n\t\t\t\t\t\t<div class=\"elementor-shape elementor-shape-bottom\" aria-hidden=\"true\" data-negative=\"false\">\n\t\t\t<svg xmlns=\"http:\/\/www.w3.org\/2000\/svg\" viewBox=\"0 0 1000 100\" preserveAspectRatio=\"none\">\n\t<path class=\"elementor-shape-fill\" d=\"M421.9,6.5c22.6-2.5,51.5,0.4,75.5,5.3c23.6,4.9,70.9,23.5,100.5,35.7c75.8,32.2,133.7,44.5,192.6,49.7\n\tc23.6,2.1,48.7,3.5,103.4-2.5c54.7-6,106.2-25.6,106.2-25.6V0H0v30.3c0,0,72,32.6,158.4,30.5c39.2-0.7,92.8-6.7,134-22.4\n\tc21.2-8.1,52.2-18.2,79.7-24.2C399.3,7.9,411.6,7.5,421.9,6.5z\"\/>\n<\/svg>\t\t<\/div>\n\t\t\t\t\t<div class=\"elementor-container elementor-column-gap-default\">\n\t\t\t\t\t<div class=\"elementor-column elementor-col-100 elementor-top-column elementor-element elementor-element-4691a24\" data-id=\"4691a24\" data-element_type=\"column\">\n\t\t\t<div class=\"elementor-widget-wrap elementor-element-populated\">\n\t\t\t\t\t\t<div class=\"elementor-element elementor-element-1579326 elementor-align-center elementor-widget elementor-widget-breadcrumbs\" data-id=\"1579326\" data-element_type=\"widget\" data-widget_type=\"breadcrumbs.default\">\n\t\t\t\t<div class=\"elementor-widget-container\">\n\t\t\t\t\t<p id=\"breadcrumbs\"><span><span><a href=\"https:\/\/www.calplas.com\/es\">Home<\/a><\/span><\/span><\/p>\t\t\t\t<\/div>\n\t\t\t\t<\/div>\n\t\t\t\t<div class=\"elementor-element elementor-element-98d6453 elementor-widget-divider--view-line elementor-widget elementor-widget-divider\" data-id=\"98d6453\" data-element_type=\"widget\" data-widget_type=\"divider.default\">\n\t\t\t\t<div class=\"elementor-widget-container\">\n\t\t\t\t\t\t\t<div class=\"elementor-divider\">\n\t\t\t<span class=\"elementor-divider-separator\">\n\t\t\t\t\t\t<\/span>\n\t\t<\/div>\n\t\t\t\t\t\t<\/div>\n\t\t\t\t<\/div>\n\t\t\t\t<div class=\"elementor-element elementor-element-3bad828 elementor-widget__width-initial elementor-fixed elementor-widget elementor-widget-button\" data-id=\"3bad828\" data-element_type=\"widget\" data-settings=\"{&quot;_position&quot;:&quot;fixed&quot;}\" data-widget_type=\"button.default\">\n\t\t\t\t<div class=\"elementor-widget-container\">\n\t\t\t\t\t\t\t\t\t<div class=\"elementor-button-wrapper\">\n\t\t\t\t\t<a class=\"elementor-button elementor-button-link elementor-size-md\" href=\"mailto:calplas@calplas.com\" target=\"_blank\">\n\t\t\t\t\t\t<span class=\"elementor-button-content-wrapper\">\n\t\t\t\t\t\t<span class=\"elementor-button-icon\">\n\t\t\t\t<i aria-hidden=\"true\" class=\"fas fa-envelope\"><\/i>\t\t\t<\/span>\n\t\t\t\t\t\t\t\t<\/span>\n\t\t\t\t\t<\/a>\n\t\t\t\t<\/div>\n\t\t\t\t\t\t\t\t<\/div>\n\t\t\t\t<\/div>\n\t\t\t\t\t<\/div>\n\t\t<\/div>\n\t\t\t\t\t<\/div>\n\t\t<\/section>\n\t\t\t\t<\/div>\n\t\t<\/div>\n\t\t\t\t\t\t<\/div>\n\t\t\t\t<\/div>\n\t\t\t\t\t<\/div>\n\t\t<\/div>\n\t\t\t\t\t<\/div>\n\t\t<\/section>\n\t\t\t\t\t<\/div>\n\t\t<\/div>\n\t\t\t\t\t<\/div>\n\t\t<\/section>\n\t\t\t\t<section class=\"elementor-section elementor-top-section elementor-element elementor-element-3d6e96b elementor-section-content-middle elementor-section-boxed elementor-section-height-default elementor-section-height-default\" data-id=\"3d6e96b\" data-element_type=\"section\" data-settings=\"{&quot;background_background&quot;:&quot;gradient&quot;}\">\n\t\t\t\t\t\t\t<div class=\"elementor-background-overlay\"><\/div>\n\t\t\t\t\t\t\t<div class=\"elementor-container elementor-column-gap-default\">\n\t\t\t\t\t<div class=\"elementor-column elementor-col-50 elementor-top-column elementor-element elementor-element-9c8b3d6\" data-id=\"9c8b3d6\" data-element_type=\"column\">\n\t\t\t<div class=\"elementor-widget-wrap elementor-element-populated\">\n\t\t\t\t\t\t<div class=\"elementor-element elementor-element-bcb3ea8 elementor-widget elementor-widget-heading\" data-id=\"bcb3ea8\" data-element_type=\"widget\" data-widget_type=\"heading.default\">\n\t\t\t\t<div class=\"elementor-widget-container\">\n\t\t\t\t\t<h3 class=\"elementor-heading-title elementor-size-default\">Art\u00edculos de distribuci\u00f3n para Tratamiento de aguas<\/h3>\t\t\t\t<\/div>\n\t\t\t\t<\/div>\n\t\t\t\t\t<\/div>\n\t\t<\/div>\n\t\t\t\t<div class=\"elementor-column elementor-col-50 elementor-top-column elementor-element elementor-element-f259a5d\" data-id=\"f259a5d\" data-element_type=\"column\">\n\t\t\t<div class=\"elementor-widget-wrap elementor-element-populated\">\n\t\t\t\t\t\t<div class=\"elementor-element elementor-element-6e438a9 elementor-align-center elementor-widget elementor-widget-button\" data-id=\"6e438a9\" data-element_type=\"widget\" data-widget_type=\"button.default\">\n\t\t\t\t<div class=\"elementor-widget-container\">\n\t\t\t\t\t\t\t\t\t<div class=\"elementor-button-wrapper\">\n\t\t\t\t\t<a class=\"elementor-button elementor-button-link elementor-size-lg\" href=\"https:\/\/www.calplas.com\/es\/categoria_distribution_article\/water-treatment\">\n\t\t\t\t\t\t<span class=\"elementor-button-content-wrapper\">\n\t\t\t\t\t\t<span class=\"elementor-button-icon\">\n\t\t\t\t<i aria-hidden=\"true\" class=\"fas fa-angle-double-right\"><\/i>\t\t\t<\/span>\n\t\t\t\t\t\t\t\t\t<span class=\"elementor-button-text\">ver m\u00e1s<\/span>\n\t\t\t\t\t<\/span>\n\t\t\t\t\t<\/a>\n\t\t\t\t<\/div>\n\t\t\t\t\t\t\t\t<\/div>\n\t\t\t\t<\/div>\n\t\t\t\t\t<\/div>\n\t\t<\/div>\n\t\t\t\t\t<\/div>\n\t\t<\/section>\n\t\t\t\t<section class=\"elementor-section elementor-top-section elementor-element elementor-element-d06932f elementor-section-height-min-height contenido-categorias elementor-section-boxed elementor-section-height-default elementor-section-items-middle\" data-id=\"d06932f\" data-element_type=\"section\">\n\t\t\t\t\t\t<div class=\"elementor-container elementor-column-gap-no\">\n\t\t\t\t\t<div class=\"elementor-column elementor-col-100 elementor-top-column elementor-element elementor-element-ac7cf94\" data-id=\"ac7cf94\" data-element_type=\"column\">\n\t\t\t<div class=\"elementor-widget-wrap\">\n\t\t\t\t\t\t\t<\/div>\n\t\t<\/div>\n\t\t\t\t\t<\/div>\n\t\t<\/section>\n\t\t\t\t<\/div>\n\t\t","protected":false},"excerpt":{"rendered":"<p>Art\u00edculos de distribuci\u00f3n para Tratamiento de aguas ver m\u00e1s STANDAR FILTERS (3) Columns D | DC | DC | KB (4) Columns DCP | DP | KP | DPC (4) PUMP STRAINER (2) Horizontal (1) SKIDS (1) Columns DPP | KPP | DPPC (3) Columns DPPP | KPPP (2) Columns MB (2) CARTRIDGE FILTERS (1) [&hellip;]<\/p>\n","protected":false},"author":1,"featured_media":0,"parent":0,"menu_order":0,"comment_status":"closed","ping_status":"closed","template":"","meta":{"_acf_changed":false,"footnotes":""},"class_list":["post-4313","page","type-page","status-publish","hentry"],"acf":[],"yoast_head":"<!-- This site is optimized with the Yoast SEO plugin v26.5 - https:\/\/yoast.com\/wordpress\/plugins\/seo\/ -->\n<title>Tratamiento de Aguas - Calplas<\/title>\n<meta name=\"robots\" content=\"index, follow, max-snippet:-1, max-image-preview:large, max-video-preview:-1\" \/>\n<link rel=\"canonical\" href=\"https:\/\/www.calplas.com\/es\/tratamiento-de-aguas\" \/>\n<meta property=\"og:locale\" content=\"es_ES\" \/>\n<meta property=\"og:type\" content=\"article\" \/>\n<meta property=\"og:title\" content=\"Tratamiento de Aguas - Calplas\" \/>\n<meta property=\"og:description\" content=\"Art\u00edculos de distribuci\u00f3n para Tratamiento de aguas ver m\u00e1s STANDAR FILTERS (3) Columns D | DC | DC | KB (4) Columns DCP | DP | KP | DPC (4) PUMP STRAINER (2) Horizontal (1) SKIDS (1) Columns DPP | KPP | DPPC (3) Columns DPPP | KPPP (2) Columns MB (2) CARTRIDGE FILTERS (1) [&hellip;]\" \/>\n<meta property=\"og:url\" content=\"https:\/\/www.calplas.com\/es\/tratamiento-de-aguas\" \/>\n<meta property=\"og:site_name\" content=\"Calplas\" \/>\n<meta property=\"article:modified_time\" content=\"2021-11-23T10:36:12+00:00\" \/>\n<meta name=\"twitter:card\" content=\"summary_large_image\" \/>\n<meta name=\"twitter:label1\" content=\"Tiempo de lectura\" \/>\n\t<meta name=\"twitter:data1\" content=\"1 minuto\" \/>\n<script type=\"application\/ld+json\" class=\"yoast-schema-graph\">{\"@context\":\"https:\/\/schema.org\",\"@graph\":[{\"@type\":\"WebPage\",\"@id\":\"https:\/\/www.calplas.com\/es\/tratamiento-de-aguas\",\"url\":\"https:\/\/www.calplas.com\/es\/tratamiento-de-aguas\",\"name\":\"Tratamiento de Aguas - Calplas\",\"isPartOf\":{\"@id\":\"https:\/\/www.calplas.com\/es#website\"},\"datePublished\":\"2021-10-27T15:57:13+00:00\",\"dateModified\":\"2021-11-23T10:36:12+00:00\",\"breadcrumb\":{\"@id\":\"https:\/\/www.calplas.com\/es\/tratamiento-de-aguas#breadcrumb\"},\"inLanguage\":\"es\",\"potentialAction\":[{\"@type\":\"ReadAction\",\"target\":[\"https:\/\/www.calplas.com\/es\/tratamiento-de-aguas\"]}]},{\"@type\":\"BreadcrumbList\",\"@id\":\"https:\/\/www.calplas.com\/es\/tratamiento-de-aguas#breadcrumb\",\"itemListElement\":[{\"@type\":\"ListItem\",\"position\":1,\"name\":\"Home\",\"item\":\"https:\/\/www.calplas.com\/es\"},{\"@type\":\"ListItem\",\"position\":2,\"name\":\"Tratamiento de Aguas\"}]},{\"@type\":\"WebSite\",\"@id\":\"https:\/\/www.calplas.com\/es#website\",\"url\":\"https:\/\/www.calplas.com\/es\",\"name\":\"Calplas\",\"description\":\"Elementos Auxiliares para Tratamiento de Aguas\",\"publisher\":{\"@id\":\"https:\/\/www.calplas.com\/es#organization\"},\"potentialAction\":[{\"@type\":\"SearchAction\",\"target\":{\"@type\":\"EntryPoint\",\"urlTemplate\":\"https:\/\/www.calplas.com\/es?s={search_term_string}\"},\"query-input\":{\"@type\":\"PropertyValueSpecification\",\"valueRequired\":true,\"valueName\":\"search_term_string\"}}],\"inLanguage\":\"es\"},{\"@type\":\"Organization\",\"@id\":\"https:\/\/www.calplas.com\/es#organization\",\"name\":\"Calplas\",\"url\":\"https:\/\/www.calplas.com\/es\",\"logo\":{\"@type\":\"ImageObject\",\"inLanguage\":\"es\",\"@id\":\"https:\/\/www.calplas.com\/es#\/schema\/logo\/image\/\",\"url\":\"https:\/\/www.calplas.com\/wp-content\/uploads\/2021\/03\/calplas-logo-blanco.png\",\"contentUrl\":\"https:\/\/www.calplas.com\/wp-content\/uploads\/2021\/03\/calplas-logo-blanco.png\",\"width\":300,\"height\":270,\"caption\":\"Calplas\"},\"image\":{\"@id\":\"https:\/\/www.calplas.com\/es#\/schema\/logo\/image\/\"}}]}<\/script>\n<!-- \/ Yoast SEO plugin. -->","yoast_head_json":{"title":"Tratamiento de Aguas - Calplas","robots":{"index":"index","follow":"follow","max-snippet":"max-snippet:-1","max-image-preview":"max-image-preview:large","max-video-preview":"max-video-preview:-1"},"canonical":"https:\/\/www.calplas.com\/es\/tratamiento-de-aguas","og_locale":"es_ES","og_type":"article","og_title":"Tratamiento de Aguas - Calplas","og_description":"Art\u00edculos de distribuci\u00f3n para Tratamiento de aguas ver m\u00e1s STANDAR FILTERS (3) Columns D | DC | DC | KB (4) Columns DCP | DP | KP | DPC (4) PUMP STRAINER (2) Horizontal (1) SKIDS (1) Columns DPP | KPP | DPPC (3) Columns DPPP | KPPP (2) Columns MB (2) CARTRIDGE FILTERS (1) [&hellip;]","og_url":"https:\/\/www.calplas.com\/es\/tratamiento-de-aguas","og_site_name":"Calplas","article_modified_time":"2021-11-23T10:36:12+00:00","twitter_card":"summary_large_image","twitter_misc":{"Tiempo de lectura":"1 minuto"},"schema":{"@context":"https:\/\/schema.org","@graph":[{"@type":"WebPage","@id":"https:\/\/www.calplas.com\/es\/tratamiento-de-aguas","url":"https:\/\/www.calplas.com\/es\/tratamiento-de-aguas","name":"Tratamiento de Aguas - Calplas","isPartOf":{"@id":"https:\/\/www.calplas.com\/es#website"},"datePublished":"2021-10-27T15:57:13+00:00","dateModified":"2021-11-23T10:36:12+00:00","breadcrumb":{"@id":"https:\/\/www.calplas.com\/es\/tratamiento-de-aguas#breadcrumb"},"inLanguage":"es","potentialAction":[{"@type":"ReadAction","target":["https:\/\/www.calplas.com\/es\/tratamiento-de-aguas"]}]},{"@type":"BreadcrumbList","@id":"https:\/\/www.calplas.com\/es\/tratamiento-de-aguas#breadcrumb","itemListElement":[{"@type":"ListItem","position":1,"name":"Home","item":"https:\/\/www.calplas.com\/es"},{"@type":"ListItem","position":2,"name":"Tratamiento de Aguas"}]},{"@type":"WebSite","@id":"https:\/\/www.calplas.com\/es#website","url":"https:\/\/www.calplas.com\/es","name":"Calplas","description":"Elementos Auxiliares para Tratamiento de Aguas","publisher":{"@id":"https:\/\/www.calplas.com\/es#organization"},"potentialAction":[{"@type":"SearchAction","target":{"@type":"EntryPoint","urlTemplate":"https:\/\/www.calplas.com\/es?s={search_term_string}"},"query-input":{"@type":"PropertyValueSpecification","valueRequired":true,"valueName":"search_term_string"}}],"inLanguage":"es"},{"@type":"Organization","@id":"https:\/\/www.calplas.com\/es#organization","name":"Calplas","url":"https:\/\/www.calplas.com\/es","logo":{"@type":"ImageObject","inLanguage":"es","@id":"https:\/\/www.calplas.com\/es#\/schema\/logo\/image\/","url":"https:\/\/www.calplas.com\/wp-content\/uploads\/2021\/03\/calplas-logo-blanco.png","contentUrl":"https:\/\/www.calplas.com\/wp-content\/uploads\/2021\/03\/calplas-logo-blanco.png","width":300,"height":270,"caption":"Calplas"},"image":{"@id":"https:\/\/www.calplas.com\/es#\/schema\/logo\/image\/"}}]}},"_links":{"self":[{"href":"https:\/\/www.calplas.com\/es\/wp-json\/wp\/v2\/pages\/4313","targetHints":{"allow":["GET"]}}],"collection":[{"href":"https:\/\/www.calplas.com\/es\/wp-json\/wp\/v2\/pages"}],"about":[{"href":"https:\/\/www.calplas.com\/es\/wp-json\/wp\/v2\/types\/page"}],"author":[{"embeddable":true,"href":"https:\/\/www.calplas.com\/es\/wp-json\/wp\/v2\/users\/1"}],"replies":[{"embeddable":true,"href":"https:\/\/www.calplas.com\/es\/wp-json\/wp\/v2\/comments?post=4313"}],"version-history":[{"count":16,"href":"https:\/\/www.calplas.com\/es\/wp-json\/wp\/v2\/pages\/4313\/revisions"}],"predecessor-version":[{"id":4537,"href":"https:\/\/www.calplas.com\/es\/wp-json\/wp\/v2\/pages\/4313\/revisions\/4537"}],"wp:attachment":[{"href":"https:\/\/www.calplas.com\/es\/wp-json\/wp\/v2\/media?parent=4313"}],"curies":[{"name":"wp","href":"https:\/\/api.w.org\/{rel}","templated":true}]}}