{"id":4653,"date":"2021-11-24T08:44:45","date_gmt":"2021-11-24T08:44:45","guid":{"rendered":"https:\/\/calplas2021.factorideas.dev\/piscinas-publicas"},"modified":"2021-11-24T08:44:45","modified_gmt":"2021-11-24T08:44:45","slug":"piscinas-publicas","status":"publish","type":"page","link":"https:\/\/www.calplas.com\/es\/piscinas-publicas","title":{"rendered":"Piscinas p\u00fablicas"},"content":{"rendered":"\t\t<div data-elementor-type=\"wp-page\" data-elementor-id=\"4653\" class=\"elementor elementor-4653 elementor-928\" data-elementor-post-type=\"page\">\n\t\t\t\t\t\t<section class=\"elementor-section elementor-top-section elementor-element elementor-element-5d8fdeb elementor-section-full_width elementor-section-height-default elementor-section-height-default\" data-id=\"5d8fdeb\" data-element_type=\"section\">\n\t\t\t\t\t\t<div class=\"elementor-container elementor-column-gap-no\">\n\t\t\t\t\t<div class=\"elementor-column elementor-col-100 elementor-top-column elementor-element elementor-element-f52e24c\" data-id=\"f52e24c\" data-element_type=\"column\">\n\t\t\t<div class=\"elementor-widget-wrap elementor-element-populated\">\n\t\t\t\t\t\t<section class=\"elementor-section elementor-inner-section elementor-element elementor-element-9ee9504 elementor-section-full_width elementor-section-height-default elementor-section-height-default\" data-id=\"9ee9504\" data-element_type=\"section\">\n\t\t\t\t\t\t<div class=\"elementor-container elementor-column-gap-no\">\n\t\t\t\t\t<div class=\"elementor-column elementor-col-100 elementor-inner-column elementor-element elementor-element-c9577ce\" data-id=\"c9577ce\" data-element_type=\"column\">\n\t\t\t<div class=\"elementor-widget-wrap elementor-element-populated\">\n\t\t\t\t\t\t<div class=\"elementor-element elementor-element-7705dba elementor-widget elementor-widget-shortcode\" data-id=\"7705dba\" data-element_type=\"widget\" data-widget_type=\"shortcode.default\">\n\t\t\t\t<div class=\"elementor-widget-container\">\n\t\t\t\t\t\t\t<div class=\"elementor-shortcode\">\t\t<div data-elementor-type=\"section\" data-elementor-id=\"2797\" class=\"elementor elementor-2797\" data-elementor-post-type=\"elementor_library\">\n\t\t\t\t\t<section class=\"elementor-section elementor-top-section elementor-element elementor-element-d9758f9 elementor-section-boxed elementor-section-height-default elementor-section-height-default\" data-id=\"d9758f9\" data-element_type=\"section\" data-settings=\"{&quot;background_background&quot;:&quot;gradient&quot;,&quot;shape_divider_bottom&quot;:&quot;waves&quot;}\">\n\t\t\t\t\t\t\t<div class=\"elementor-background-overlay\"><\/div>\n\t\t\t\t\t\t<div class=\"elementor-shape elementor-shape-bottom\" aria-hidden=\"true\" data-negative=\"false\">\n\t\t\t<svg xmlns=\"http:\/\/www.w3.org\/2000\/svg\" viewBox=\"0 0 1000 100\" preserveAspectRatio=\"none\">\n\t<path class=\"elementor-shape-fill\" d=\"M421.9,6.5c22.6-2.5,51.5,0.4,75.5,5.3c23.6,4.9,70.9,23.5,100.5,35.7c75.8,32.2,133.7,44.5,192.6,49.7\n\tc23.6,2.1,48.7,3.5,103.4-2.5c54.7-6,106.2-25.6,106.2-25.6V0H0v30.3c0,0,72,32.6,158.4,30.5c39.2-0.7,92.8-6.7,134-22.4\n\tc21.2-8.1,52.2-18.2,79.7-24.2C399.3,7.9,411.6,7.5,421.9,6.5z\"\/>\n<\/svg>\t\t<\/div>\n\t\t\t\t\t<div class=\"elementor-container elementor-column-gap-default\">\n\t\t\t\t\t<div class=\"elementor-column elementor-col-100 elementor-top-column elementor-element elementor-element-4691a24\" data-id=\"4691a24\" data-element_type=\"column\">\n\t\t\t<div class=\"elementor-widget-wrap elementor-element-populated\">\n\t\t\t\t\t\t<div class=\"elementor-element elementor-element-1579326 elementor-align-center elementor-widget elementor-widget-breadcrumbs\" data-id=\"1579326\" data-element_type=\"widget\" data-widget_type=\"breadcrumbs.default\">\n\t\t\t\t<div class=\"elementor-widget-container\">\n\t\t\t\t\t<p id=\"breadcrumbs\"><span><span><a href=\"https:\/\/www.calplas.com\/es\">Home<\/a><\/span><\/span><\/p>\t\t\t\t<\/div>\n\t\t\t\t<\/div>\n\t\t\t\t<div class=\"elementor-element elementor-element-98d6453 elementor-widget-divider--view-line elementor-widget elementor-widget-divider\" data-id=\"98d6453\" data-element_type=\"widget\" data-widget_type=\"divider.default\">\n\t\t\t\t<div class=\"elementor-widget-container\">\n\t\t\t\t\t\t\t<div class=\"elementor-divider\">\n\t\t\t<span class=\"elementor-divider-separator\">\n\t\t\t\t\t\t<\/span>\n\t\t<\/div>\n\t\t\t\t\t\t<\/div>\n\t\t\t\t<\/div>\n\t\t\t\t<div class=\"elementor-element elementor-element-3bad828 elementor-widget__width-initial elementor-fixed elementor-widget elementor-widget-button\" data-id=\"3bad828\" data-element_type=\"widget\" data-settings=\"{&quot;_position&quot;:&quot;fixed&quot;}\" data-widget_type=\"button.default\">\n\t\t\t\t<div class=\"elementor-widget-container\">\n\t\t\t\t\t\t\t\t\t<div class=\"elementor-button-wrapper\">\n\t\t\t\t\t<a class=\"elementor-button elementor-button-link elementor-size-md\" href=\"mailto:calplas@calplas.com\" target=\"_blank\">\n\t\t\t\t\t\t<span class=\"elementor-button-content-wrapper\">\n\t\t\t\t\t\t<span class=\"elementor-button-icon\">\n\t\t\t\t<i aria-hidden=\"true\" class=\"fas fa-envelope\"><\/i>\t\t\t<\/span>\n\t\t\t\t\t\t\t\t<\/span>\n\t\t\t\t\t<\/a>\n\t\t\t\t<\/div>\n\t\t\t\t\t\t\t\t<\/div>\n\t\t\t\t<\/div>\n\t\t\t\t\t<\/div>\n\t\t<\/div>\n\t\t\t\t\t<\/div>\n\t\t<\/section>\n\t\t\t\t<\/div>\n\t\t<\/div>\n\t\t\t\t\t\t<\/div>\n\t\t\t\t<\/div>\n\t\t\t\t\t<\/div>\n\t\t<\/div>\n\t\t\t\t\t<\/div>\n\t\t<\/section>\n\t\t\t\t\t<\/div>\n\t\t<\/div>\n\t\t\t\t\t<\/div>\n\t\t<\/section>\n\t\t\t\t<section class=\"elementor-section elementor-top-section elementor-element elementor-element-cd54c46 elementor-section-content-middle elementor-section-boxed elementor-section-height-default elementor-section-height-default\" data-id=\"cd54c46\" data-element_type=\"section\" data-settings=\"{&quot;background_background&quot;:&quot;gradient&quot;}\">\n\t\t\t\t\t\t\t<div class=\"elementor-background-overlay\"><\/div>\n\t\t\t\t\t\t\t<div class=\"elementor-container elementor-column-gap-default\">\n\t\t\t\t\t<div class=\"elementor-column elementor-col-50 elementor-top-column elementor-element elementor-element-0ff875e\" data-id=\"0ff875e\" data-element_type=\"column\">\n\t\t\t<div class=\"elementor-widget-wrap elementor-element-populated\">\n\t\t\t\t\t\t<div class=\"elementor-element elementor-element-8e38d23 elementor-widget elementor-widget-heading\" data-id=\"8e38d23\" data-element_type=\"widget\" data-widget_type=\"heading.default\">\n\t\t\t\t<div class=\"elementor-widget-container\">\n\t\t\t\t\t<h3 class=\"elementor-heading-title elementor-size-default\">Art\u00edculos de distribuci\u00f3n para Piscinas p\u00fablicas<\/h3>\t\t\t\t<\/div>\n\t\t\t\t<\/div>\n\t\t\t\t\t<\/div>\n\t\t<\/div>\n\t\t\t\t<div class=\"elementor-column elementor-col-50 elementor-top-column elementor-element elementor-element-8bf3262\" data-id=\"8bf3262\" data-element_type=\"column\">\n\t\t\t<div class=\"elementor-widget-wrap elementor-element-populated\">\n\t\t\t\t\t\t<div class=\"elementor-element elementor-element-d859789 elementor-align-center elementor-widget elementor-widget-button\" data-id=\"d859789\" data-element_type=\"widget\" data-widget_type=\"button.default\">\n\t\t\t\t<div class=\"elementor-widget-container\">\n\t\t\t\t\t\t\t\t\t<div class=\"elementor-button-wrapper\">\n\t\t\t\t\t<a class=\"elementor-button elementor-button-link elementor-size-lg\" href=\"https:\/\/www.calplas.com\/es\/categoria_distribution_article\/publics\">\n\t\t\t\t\t\t<span class=\"elementor-button-content-wrapper\">\n\t\t\t\t\t\t<span class=\"elementor-button-icon\">\n\t\t\t\t<i aria-hidden=\"true\" class=\"fas fa-angle-double-right\"><\/i>\t\t\t<\/span>\n\t\t\t\t\t\t\t\t\t<span class=\"elementor-button-text\">ver m\u00e1s<\/span>\n\t\t\t\t\t<\/span>\n\t\t\t\t\t<\/a>\n\t\t\t\t<\/div>\n\t\t\t\t\t\t\t\t<\/div>\n\t\t\t\t<\/div>\n\t\t\t\t\t<\/div>\n\t\t<\/div>\n\t\t\t\t\t<\/div>\n\t\t<\/section>\n\t\t\t\t<section class=\"elementor-section elementor-top-section elementor-element elementor-element-d6fb177 elementor-section-boxed elementor-section-height-default elementor-section-height-default\" data-id=\"d6fb177\" data-element_type=\"section\">\n\t\t\t\t\t\t<div class=\"elementor-container elementor-column-gap-default\">\n\t\t\t\t\t<div class=\"elementor-column elementor-col-100 elementor-top-column elementor-element elementor-element-a7b24d7\" data-id=\"a7b24d7\" data-element_type=\"column\">\n\t\t\t<div class=\"elementor-widget-wrap elementor-element-populated\">\n\t\t\t\t\t\t<div class=\"elementor-element elementor-element-2531313 elementor-grid-2 elementor-posts--thumbnail-top elementor-grid-tablet-2 elementor-grid-mobile-1 elementor-widget elementor-widget-posts\" data-id=\"2531313\" data-element_type=\"widget\" data-settings=\"{&quot;custom_columns&quot;:&quot;2&quot;,&quot;custom_columns_tablet&quot;:&quot;2&quot;,&quot;custom_columns_mobile&quot;:&quot;1&quot;,&quot;custom_row_gap&quot;:{&quot;unit&quot;:&quot;px&quot;,&quot;size&quot;:35,&quot;sizes&quot;:[]},&quot;custom_row_gap_tablet&quot;:{&quot;unit&quot;:&quot;px&quot;,&quot;size&quot;:&quot;&quot;,&quot;sizes&quot;:[]},&quot;custom_row_gap_mobile&quot;:{&quot;unit&quot;:&quot;px&quot;,&quot;size&quot;:&quot;&quot;,&quot;sizes&quot;:[]}}\" data-widget_type=\"posts.custom\">\n\t\t\t\t<div class=\"elementor-widget-container\">\n\t\t\t\t\t      <div class=\"ecs-posts elementor-posts-container elementor-posts   elementor-grid elementor-posts--skin-custom\" data-settings=\"{&quot;current_page&quot;:1,&quot;max_num_pages&quot;:0,&quot;load_method&quot;:&quot;numbers&quot;,&quot;widget_id&quot;:&quot;2531313&quot;,&quot;post_id&quot;:4653,&quot;theme_id&quot;:4653,&quot;change_url&quot;:false,&quot;reinit_js&quot;:false}\">\r\n      <div class=\"elementor-posts-nothing-found\"><\/div>\t\t<\/div>\r\n\t\t\t\t\t\t<\/div>\n\t\t\t\t<\/div>\n\t\t\t\t\t<\/div>\n\t\t<\/div>\n\t\t\t\t\t<\/div>\n\t\t<\/section>\n\t\t\t\t<\/div>\n\t\t","protected":false},"excerpt":{"rendered":"<p>Art\u00edculos de distribuci\u00f3n para Piscinas p\u00fablicas ver m\u00e1s<\/p>\n","protected":false},"author":1,"featured_media":0,"parent":0,"menu_order":0,"comment_status":"closed","ping_status":"closed","template":"elementor_header_footer","meta":{"_acf_changed":false,"footnotes":""},"class_list":["post-4653","page","type-page","status-publish","hentry"],"acf":[],"yoast_head":"<!-- This site is optimized with the Yoast SEO plugin v26.5 - https:\/\/yoast.com\/wordpress\/plugins\/seo\/ -->\n<title>Piscinas p\u00fablicas - Calplas<\/title>\n<meta name=\"robots\" content=\"index, follow, max-snippet:-1, max-image-preview:large, max-video-preview:-1\" \/>\n<link rel=\"canonical\" href=\"https:\/\/www.calplas.com\/es\/piscinas-publicas\" \/>\n<meta property=\"og:locale\" content=\"es_ES\" \/>\n<meta property=\"og:type\" content=\"article\" \/>\n<meta property=\"og:title\" content=\"Piscinas p\u00fablicas - Calplas\" \/>\n<meta property=\"og:description\" content=\"Art\u00edculos de distribuci\u00f3n para Piscinas p\u00fablicas ver m\u00e1s\" \/>\n<meta property=\"og:url\" content=\"https:\/\/www.calplas.com\/es\/piscinas-publicas\" \/>\n<meta property=\"og:site_name\" content=\"Calplas\" \/>\n<meta name=\"twitter:card\" content=\"summary_large_image\" \/>\n<script type=\"application\/ld+json\" class=\"yoast-schema-graph\">{\"@context\":\"https:\/\/schema.org\",\"@graph\":[{\"@type\":\"WebPage\",\"@id\":\"https:\/\/www.calplas.com\/es\/piscinas-publicas\",\"url\":\"https:\/\/www.calplas.com\/es\/piscinas-publicas\",\"name\":\"Piscinas p\u00fablicas - Calplas\",\"isPartOf\":{\"@id\":\"https:\/\/www.calplas.com\/es#website\"},\"datePublished\":\"2021-11-24T08:44:45+00:00\",\"breadcrumb\":{\"@id\":\"https:\/\/www.calplas.com\/es\/piscinas-publicas#breadcrumb\"},\"inLanguage\":\"es\",\"potentialAction\":[{\"@type\":\"ReadAction\",\"target\":[\"https:\/\/www.calplas.com\/es\/piscinas-publicas\"]}]},{\"@type\":\"BreadcrumbList\",\"@id\":\"https:\/\/www.calplas.com\/es\/piscinas-publicas#breadcrumb\",\"itemListElement\":[{\"@type\":\"ListItem\",\"position\":1,\"name\":\"Home\",\"item\":\"https:\/\/www.calplas.com\/es\"},{\"@type\":\"ListItem\",\"position\":2,\"name\":\"Piscinas p\u00fablicas\"}]},{\"@type\":\"WebSite\",\"@id\":\"https:\/\/www.calplas.com\/es#website\",\"url\":\"https:\/\/www.calplas.com\/es\",\"name\":\"Calplas\",\"description\":\"Elementos Auxiliares para Tratamiento de Aguas\",\"publisher\":{\"@id\":\"https:\/\/www.calplas.com\/es#organization\"},\"potentialAction\":[{\"@type\":\"SearchAction\",\"target\":{\"@type\":\"EntryPoint\",\"urlTemplate\":\"https:\/\/www.calplas.com\/es?s={search_term_string}\"},\"query-input\":{\"@type\":\"PropertyValueSpecification\",\"valueRequired\":true,\"valueName\":\"search_term_string\"}}],\"inLanguage\":\"es\"},{\"@type\":\"Organization\",\"@id\":\"https:\/\/www.calplas.com\/es#organization\",\"name\":\"Calplas\",\"url\":\"https:\/\/www.calplas.com\/es\",\"logo\":{\"@type\":\"ImageObject\",\"inLanguage\":\"es\",\"@id\":\"https:\/\/www.calplas.com\/es#\/schema\/logo\/image\/\",\"url\":\"https:\/\/www.calplas.com\/wp-content\/uploads\/2021\/03\/calplas-logo-blanco.png\",\"contentUrl\":\"https:\/\/www.calplas.com\/wp-content\/uploads\/2021\/03\/calplas-logo-blanco.png\",\"width\":300,\"height\":270,\"caption\":\"Calplas\"},\"image\":{\"@id\":\"https:\/\/www.calplas.com\/es#\/schema\/logo\/image\/\"}}]}<\/script>\n<!-- \/ Yoast SEO plugin. -->","yoast_head_json":{"title":"Piscinas p\u00fablicas - Calplas","robots":{"index":"index","follow":"follow","max-snippet":"max-snippet:-1","max-image-preview":"max-image-preview:large","max-video-preview":"max-video-preview:-1"},"canonical":"https:\/\/www.calplas.com\/es\/piscinas-publicas","og_locale":"es_ES","og_type":"article","og_title":"Piscinas p\u00fablicas - Calplas","og_description":"Art\u00edculos de distribuci\u00f3n para Piscinas p\u00fablicas ver m\u00e1s","og_url":"https:\/\/www.calplas.com\/es\/piscinas-publicas","og_site_name":"Calplas","twitter_card":"summary_large_image","schema":{"@context":"https:\/\/schema.org","@graph":[{"@type":"WebPage","@id":"https:\/\/www.calplas.com\/es\/piscinas-publicas","url":"https:\/\/www.calplas.com\/es\/piscinas-publicas","name":"Piscinas p\u00fablicas - Calplas","isPartOf":{"@id":"https:\/\/www.calplas.com\/es#website"},"datePublished":"2021-11-24T08:44:45+00:00","breadcrumb":{"@id":"https:\/\/www.calplas.com\/es\/piscinas-publicas#breadcrumb"},"inLanguage":"es","potentialAction":[{"@type":"ReadAction","target":["https:\/\/www.calplas.com\/es\/piscinas-publicas"]}]},{"@type":"BreadcrumbList","@id":"https:\/\/www.calplas.com\/es\/piscinas-publicas#breadcrumb","itemListElement":[{"@type":"ListItem","position":1,"name":"Home","item":"https:\/\/www.calplas.com\/es"},{"@type":"ListItem","position":2,"name":"Piscinas p\u00fablicas"}]},{"@type":"WebSite","@id":"https:\/\/www.calplas.com\/es#website","url":"https:\/\/www.calplas.com\/es","name":"Calplas","description":"Elementos Auxiliares para Tratamiento de Aguas","publisher":{"@id":"https:\/\/www.calplas.com\/es#organization"},"potentialAction":[{"@type":"SearchAction","target":{"@type":"EntryPoint","urlTemplate":"https:\/\/www.calplas.com\/es?s={search_term_string}"},"query-input":{"@type":"PropertyValueSpecification","valueRequired":true,"valueName":"search_term_string"}}],"inLanguage":"es"},{"@type":"Organization","@id":"https:\/\/www.calplas.com\/es#organization","name":"Calplas","url":"https:\/\/www.calplas.com\/es","logo":{"@type":"ImageObject","inLanguage":"es","@id":"https:\/\/www.calplas.com\/es#\/schema\/logo\/image\/","url":"https:\/\/www.calplas.com\/wp-content\/uploads\/2021\/03\/calplas-logo-blanco.png","contentUrl":"https:\/\/www.calplas.com\/wp-content\/uploads\/2021\/03\/calplas-logo-blanco.png","width":300,"height":270,"caption":"Calplas"},"image":{"@id":"https:\/\/www.calplas.com\/es#\/schema\/logo\/image\/"}}]}},"_links":{"self":[{"href":"https:\/\/www.calplas.com\/es\/wp-json\/wp\/v2\/pages\/4653","targetHints":{"allow":["GET"]}}],"collection":[{"href":"https:\/\/www.calplas.com\/es\/wp-json\/wp\/v2\/pages"}],"about":[{"href":"https:\/\/www.calplas.com\/es\/wp-json\/wp\/v2\/types\/page"}],"author":[{"embeddable":true,"href":"https:\/\/www.calplas.com\/es\/wp-json\/wp\/v2\/users\/1"}],"replies":[{"embeddable":true,"href":"https:\/\/www.calplas.com\/es\/wp-json\/wp\/v2\/comments?post=4653"}],"version-history":[{"count":1,"href":"https:\/\/www.calplas.com\/es\/wp-json\/wp\/v2\/pages\/4653\/revisions"}],"predecessor-version":[{"id":4654,"href":"https:\/\/www.calplas.com\/es\/wp-json\/wp\/v2\/pages\/4653\/revisions\/4654"}],"wp:attachment":[{"href":"https:\/\/www.calplas.com\/es\/wp-json\/wp\/v2\/media?parent=4653"}],"curies":[{"name":"wp","href":"https:\/\/api.w.org\/{rel}","templated":true}]}}